{"id":2,"date":"2022-06-15T19:41:28","date_gmt":"2022-06-15T19:41:28","guid":{"rendered":"https:\/\/www.chatavodopad.sk\/?page_id=2"},"modified":"2024-03-25T13:23:25","modified_gmt":"2024-03-25T13:23:25","slug":"sample-page","status":"publish","type":"page","link":"https:\/\/www.chatavodopad.sk\/","title":{"rendered":"Chata Vodop\u00e1d"},"content":{"rendered":"\r\n<h4><strong>Chata predov\u0161etk\u00fdm sl\u00fa\u017ei pre t\u00fdch, \u010do si chc\u00fa odpo\u010din\u00fa\u0165 od stresu modernej doby.<\/strong><\/h4>\r\n\r\n\r\n\r\n<h1><strong>Objavujte kr\u00e1su Malej Fatry<\/strong><\/h1>\r\n\r\n\r\n\r\n<p>Chata je ide\u00e1lna pre \u013eud\u00ed ktor\u00ed si chc\u00fa odd\u00fdchnu\u0165 v pr\u00edrode, kde nie je telef\u00f3nny sign\u00e1l, ani internet. Chata nem\u00e1 vlastn\u00fa elektrinu. Funguje na elektrocentr\u00e1le, ktor\u00e1 sa p\u00fa\u0161\u0165a dvakr\u00e1t denne na dobitie bat\u00e9ri\u00ed. Voda je ohrievan\u00e1 pomocou pece na tuh\u00e9 palivo.<\/p>\r\n\r\n\r\n\r\n<p>Chata Vodop\u00e1d sa nach\u00e1dza pribli\u017ene v tretine cesty na \u0160\u00fatovsk\u00fd vodop\u00e1d v \u0160\u00fatovskej doline ktor\u00e1 je v Kriv\u00e1nskej Malej Fatre.<\/p>\r\n\r\n\r\n\r\n<p>Pon\u00fakame aj ubytovanie a to celkovo pre 13 os\u00f4b v troch izb\u00e1ch. Cena na osobu na noc s na\u0161im pr\u00e1dlom je:<\/p>\r\n<ul>\r\n<li>Leto: <strong>dospel\u00fd<\/strong> 15 \u20ac \/ <strong>die\u0165a od 5 do 10<\/strong> rokov 7 \u20ac<\/li>\r\n<li>Zima:\u00a0<strong>dospel\u00fd<\/strong> 18 \u20ac \/ <strong>die\u0165a od 5 do 10<\/strong> rokov 9 \u20ac<\/li>\r\n<\/ul>\r\n<p>Deti do 5 rokov maj\u00fa ubytovanie zadarmo.<\/p>\r\n<p>O ubytovanie si treba pre istotu dopredu zavola\u0165 t\u00fd\u017ede\u0148 vopred.<\/p>\r\n\r\n\r\n\r\n<p>Daj\u00fa sa u n\u00e1s robi\u0165 aj firemn\u00e9 \u010d\u00ed rodinn\u00e9 akcie, \u0161kolsk\u00e9 v\u00fdlety, \u0161kolenia a podobne. K dispoz\u00edcii je aj vonkaj\u0161ie ohnisko.<\/p>\r\n\r\n\r\n\r\n<p>Chata disponuje elektrickou energiou.<\/p>\r\n<blockquote>\r\n<p align=\"left\"><span style=\"color: #000000;\"><span style=\"font-family: Liberation Serif;\"><span style=\"font-size: medium;\"><b>13 os\u00f4b<br \/><\/b><\/span><\/span><\/span><span style=\"color: #000000;\"><span style=\"font-family: Liberation Serif;\"><span style=\"font-size: medium;\">Poskytujeme ubytovanie a\u017e pre 13 os\u00f4b. Deti do 5 rokov maj\u00fa ubytovanie zdarma!<\/span><\/span><\/span><\/p>\r\n<p align=\"left\"><span style=\"color: #000000;\"><span style=\"font-family: Liberation Serif;\"><span style=\"font-size: medium;\"><b>3 izby<br \/><\/b><\/span><\/span><\/span><span style=\"color: #000000;\"><span style=\"font-family: Liberation Serif;\"><span style=\"font-size: medium;\">Hostia sa m\u00f4\u017eu pohodlne vyspa\u0165 v 3 priestrann\u00fdch izb\u00e1ch.<\/span><\/span><\/span><\/p>\r\n<p align=\"left\"><span style=\"color: #000000;\"><span style=\"font-family: Liberation Serif;\"><span style=\"font-size: medium;\"><b>Ob\u010derstvenie<br \/><\/b><\/span><\/span><\/span><span style=\"color: #000000;\"><span style=\"font-family: Liberation Serif;\"><span style=\"font-size: medium;\">Na chate pod\u00e1vame chutn\u00e9 dom\u00e1ce jedl\u00e1, kvalitne na\u010dapovan\u00e9 pivo a nealko n\u00e1poje.\u00a0<\/span><\/span><\/span><\/p>\r\n<p align=\"left\"><span style=\"color: #000000;\"><span style=\"font-family: Liberation Serif;\"><span style=\"font-size: medium;\"><b>Spolo\u010dn\u00e9 ohnisko<br \/><\/b><\/span><\/span><\/span><span style=\"color: #000000;\"><span style=\"font-family: Liberation Serif;\"><span style=\"font-size: medium;\">Vychutnajte si ve\u010dern\u00e9 posedenie pri ve\u013ekom ohnisku.<\/span><\/span><\/span><\/p>\r\n<p align=\"left\"><span style=\"color: #000000;\"><span style=\"font-family: Liberation Serif;\"><span style=\"font-size: medium;\"><b>Kr\u00e1sy okolia<br \/><\/b><\/span><\/span><\/span><span style=\"color: #000000;\"><span style=\"font-family: Liberation Serif;\"><span style=\"font-size: medium;\">Nezab\u00fadajte si pozrie\u0165 kr\u00e1sy okolia, naozaj je na \u010do pozera\u0165!<\/span><\/span><\/span><\/p>\r\n<p align=\"left\"><span style=\"color: #000000;\"><span style=\"font-family: Liberation Serif;\"><span style=\"font-size: medium;\"><b>Priazniv\u00e9 ceny<br \/><\/b><\/span><\/span><\/span><span style=\"color: #000000;\"><span style=\"font-family: Liberation Serif;\"><span style=\"font-size: medium;\">Poskytujeme ubytovanie u\u017e od 15 \u20ac. Pre deti od 5-10 rokov od 7 \u20ac.<\/span><\/span><\/span><\/p>\r\n<p align=\"left\">Prev\u00e1dzkov\u00fd poriadok<\/p>\r\n<ul>\r\n<li><span style=\"color: #000000;\"><span style=\"font-family: Liberation Serif;\"><span style=\"font-size: medium;\"><strong>Ve\u010dera<\/strong> sa pre ubytovan\u00fdch pod\u00e1va <strong>19:00 &#8211; 20:30<\/strong><\/span><\/span><\/span><\/li>\r\n<li><span style=\"color: #000000;\"><span style=\"font-family: Liberation Serif;\"><span style=\"font-size: medium;\"><strong>Ra\u0148ajky<\/strong> pre ubytovan\u00fdch sa pod\u00e1vaj\u00fa <strong>7:00 &#8211; 8:00<\/strong><\/span><\/span><\/span><\/li>\r\n<li><span style=\"color: #000000;\"><span style=\"font-family: Liberation Serif;\"><span style=\"font-size: medium;\"><strong>No\u010dn\u00fd k\u013eud od 21:00 do 6:00<\/strong> (bez mo\u017enosti hlu\u010dnej spolo\u010dnosti v \u010dase no\u010dn\u00e9ho k\u013eudu)<\/span><\/span><\/span><\/li>\r\n<li>\u00a0<\/li>\r\n<\/ul>\r\n<\/blockquote>\r\n<div id='gallery-1' class='gallery galleryid-2 gallery-columns-4 gallery-size-thumbnail'><figure class='gallery-item'>\n\t\t\t<div class='gallery-icon landscape'>\n\t\t\t\t<a data-title=\"_MG_9894_2\" data-alt=\"\" href='https:\/\/www.chatavodopad.sk\/wp-content\/uploads\/2022\/07\/MG_9894_2.jpg'><img loading=\"lazy\" decoding=\"async\" width=\"150\" height=\"150\" src=\"https:\/\/www.chatavodopad.sk\/wp-content\/uploads\/2022\/07\/MG_9894_2-150x150.jpg\" class=\"attachment-thumbnail size-thumbnail\" alt=\"\" \/><\/a>\n\t\t\t<\/div><\/figure><figure class='gallery-item'>\n\t\t\t<div class='gallery-icon landscape'>\n\t\t\t\t<a data-title=\"6B7A5248\" data-alt=\"\" href='https:\/\/www.chatavodopad.sk\/wp-content\/uploads\/2022\/07\/6B7A5248.jpg'><img loading=\"lazy\" decoding=\"async\" width=\"150\" height=\"150\" src=\"https:\/\/www.chatavodopad.sk\/wp-content\/uploads\/2022\/07\/6B7A5248-150x150.jpg\" class=\"attachment-thumbnail size-thumbnail\" alt=\"\" \/><\/a>\n\t\t\t<\/div><\/figure><figure class='gallery-item'>\n\t\t\t<div class='gallery-icon landscape'>\n\t\t\t\t<a data-title=\"6B7A5067\" data-alt=\"\" href='https:\/\/www.chatavodopad.sk\/wp-content\/uploads\/2022\/07\/6B7A5067.jpg'><img loading=\"lazy\" decoding=\"async\" width=\"150\" height=\"150\" src=\"https:\/\/www.chatavodopad.sk\/wp-content\/uploads\/2022\/07\/6B7A5067-150x150.jpg\" class=\"attachment-thumbnail size-thumbnail\" alt=\"\" \/><\/a>\n\t\t\t<\/div><\/figure><figure class='gallery-item'>\n\t\t\t<div class='gallery-icon landscape'>\n\t\t\t\t<a data-title=\"6B7A4982\" data-alt=\"\" href='https:\/\/www.chatavodopad.sk\/wp-content\/uploads\/2022\/07\/6B7A4982.jpg'><img loading=\"lazy\" decoding=\"async\" width=\"150\" height=\"150\" src=\"https:\/\/www.chatavodopad.sk\/wp-content\/uploads\/2022\/07\/6B7A4982-150x150.jpg\" class=\"attachment-thumbnail size-thumbnail\" alt=\"\" \/><\/a>\n\t\t\t<\/div><\/figure>\n\t\t<\/div>\n\r\n","protected":false},"excerpt":{"rendered":"<p>Chata predov\u0161etk\u00fdm sl\u00fa\u017ei pre t\u00fdch, \u010do si chc\u00fa odpo\u010din\u00fa\u0165 od stresu modernej doby. Objavujte kr\u00e1su Malej Fatry Chata je ide\u00e1lna pre \u013eud\u00ed ktor\u00ed si chc\u00fa odd\u00fdchnu\u0165 v pr\u00edrode, kde nie je telef\u00f3nny sign\u00e1l, ani internet. Chata nem\u00e1 vlastn\u00fa elektrinu. Funguje na elektrocentr\u00e1le, ktor\u00e1 sa p\u00fa\u0161\u0165a dvakr\u00e1t denne na dobitie bat\u00e9ri\u00ed. Voda je ohrievan\u00e1 pomocou pece [&hellip;]<\/p>\n","protected":false},"author":1,"featured_media":23,"parent":0,"menu_order":0,"comment_status":"closed","ping_status":"open","template":"","meta":{"_monsterinsights_skip_tracking":false,"_monsterinsights_sitenote_active":false,"_monsterinsights_sitenote_note":"","_monsterinsights_sitenote_category":0,"footnotes":""},"class_list":["post-2","page","type-page","status-publish","has-post-thumbnail","hentry"],"_links":{"self":[{"href":"https:\/\/www.chatavodopad.sk\/index.php?rest_route=\/wp\/v2\/pages\/2"}],"collection":[{"href":"https:\/\/www.chatavodopad.sk\/index.php?rest_route=\/wp\/v2\/pages"}],"about":[{"href":"https:\/\/www.chatavodopad.sk\/index.php?rest_route=\/wp\/v2\/types\/page"}],"author":[{"embeddable":true,"href":"https:\/\/www.chatavodopad.sk\/index.php?rest_route=\/wp\/v2\/users\/1"}],"replies":[{"embeddable":true,"href":"https:\/\/www.chatavodopad.sk\/index.php?rest_route=%2Fwp%2Fv2%2Fcomments&post=2"}],"version-history":[{"count":6,"href":"https:\/\/www.chatavodopad.sk\/index.php?rest_route=\/wp\/v2\/pages\/2\/revisions"}],"predecessor-version":[{"id":40,"href":"https:\/\/www.chatavodopad.sk\/index.php?rest_route=\/wp\/v2\/pages\/2\/revisions\/40"}],"wp:featuredmedia":[{"embeddable":true,"href":"https:\/\/www.chatavodopad.sk\/index.php?rest_route=\/wp\/v2\/media\/23"}],"wp:attachment":[{"href":"https:\/\/www.chatavodopad.sk\/index.php?rest_route=%2Fwp%2Fv2%2Fmedia&parent=2"}],"curies":[{"name":"wp","href":"https:\/\/api.w.org\/{rel}","templated":true}]}}